{"id":68,"date":"2017-03-14T19:13:52","date_gmt":"2017-03-14T18:13:52","guid":{"rendered":"http:\/\/weltladen-pueblo.de\/?page_id=68"},"modified":"2017-03-31T15:49:56","modified_gmt":"2017-03-31T14:49:56","slug":"entdeckungsreise","status":"publish","type":"page","link":"https:\/\/weltladen-pueblo.de\/","title":{"rendered":"Entdeckungsreise Weltladen"},"content":{"rendered":"<figure id=\"attachment_135\" aria-describedby=\"caption-attachment-135\" style=\"width: 450px\" class=\"wp-caption alignright\"><img decoding=\"async\" loading=\"lazy\" class=\"size-full wp-image-135\" src=\"http:\/\/weltladen-pueblo.de\/wp-content\/uploads\/2017\/03\/Trommeln.jpg\" alt=\"Trommeln\" width=\"450\" height=\"600\" srcset=\"https:\/\/weltladen-pueblo.de\/wp-content\/uploads\/2017\/03\/Trommeln.jpg 450w, https:\/\/weltladen-pueblo.de\/wp-content\/uploads\/2017\/03\/Trommeln-225x300.jpg 225w\" sizes=\"(max-width: 450px) 100vw, 450px\" \/><figcaption id=\"caption-attachment-135\" class=\"wp-caption-text\">Trommeln<\/figcaption><\/figure>\n<p lang=\"zxx\">Ein Besuch in einem Weltladen ist wie eine Entdeckungsreise rund um den Globus.<\/p>\n<p lang=\"zxx\">Kaffee und Tee in vielen Sorten, Honig, Zucker, N\u00fcsse, Gew\u00fcrze und Schokolade laden ein zu einer kulinarischen Weltreise.<\/p>\n<p lang=\"zxx\">Handwerksprodukte aus Afrika, Asien und S\u00fcdamerika tragen die Faszination Fairer Handel bis in Ihr Zuhause.<\/p>\n<p lang=\"zxx\">Egal ob Musikinstrumente, Korbwaren oder Spielzeug \u2013 da ist f\u00fcr jeden was dabei!<\/p>\n<p lang=\"zxx\">Alle Waren aus dem Weltladen, so unterschiedlich sie auch sind, sie haben eines gemeinsam: Sie werden unter menschenw\u00fcrdigen Bedingungen hergestellt und zu Preisen gehandelt, die den Produzenten im S\u00fcden eine Existenz sichern.<\/p>\n<p lang=\"zxx\">Mit dem Weltladen entdecken Sie nicht nur qualitativ hochwertige Produkte, sondern auch eine echte Einkaufsalternative.<\/p>\n","protected":false},"excerpt":{"rendered":"<p>Ein Besuch in einem Weltladen ist wie eine Entdeckungsreise rund um den Globus. Kaffee und Tee in vielen Sorten, Honig, Zucker, N\u00fcsse, Gew\u00fcrze und Schokolade laden ein zu einer kulinarischen Weltreise. Handwerksprodukte aus Afrika, Asien und S\u00fcdamerika tragen die Faszination Fairer Handel bis in Ihr Zuhause. Egal ob Musikinstrumente, Korbwaren [&hellip;]<\/p>\n","protected":false},"author":1,"featured_media":0,"parent":0,"menu_order":0,"comment_status":"closed","ping_status":"closed","template":"","meta":[],"_links":{"self":[{"href":"https:\/\/weltladen-pueblo.de\/index.php?rest_route=\/wp\/v2\/pages\/68"}],"collection":[{"href":"https:\/\/weltladen-pueblo.de\/index.php?rest_route=\/wp\/v2\/pages"}],"about":[{"href":"https:\/\/weltladen-pueblo.de\/index.php?rest_route=\/wp\/v2\/types\/page"}],"author":[{"embeddable":true,"href":"https:\/\/weltladen-pueblo.de\/index.php?rest_route=\/wp\/v2\/users\/1"}],"replies":[{"embeddable":true,"href":"https:\/\/weltladen-pueblo.de\/index.php?rest_route=%2Fwp%2Fv2%2Fcomments&post=68"}],"version-history":[{"count":9,"href":"https:\/\/weltladen-pueblo.de\/index.php?rest_route=\/wp\/v2\/pages\/68\/revisions"}],"predecessor-version":[{"id":150,"href":"https:\/\/weltladen-pueblo.de\/index.php?rest_route=\/wp\/v2\/pages\/68\/revisions\/150"}],"wp:attachment":[{"href":"https:\/\/weltladen-pueblo.de\/index.php?rest_route=%2Fwp%2Fv2%2Fmedia&parent=68"}],"curies":[{"name":"wp","href":"https:\/\/api.w.org\/{rel}","templated":true}]}}