{"id":70,"date":"2017-03-14T19:15:26","date_gmt":"2017-03-14T18:15:26","guid":{"rendered":"http:\/\/weltladen-pueblo.de\/?page_id=70"},"modified":"2017-03-15T15:59:57","modified_gmt":"2017-03-15T14:59:57","slug":"fairer-handel","status":"publish","type":"page","link":"https:\/\/weltladen-pueblo.de\/?page_id=70","title":{"rendered":"Fairer Handel"},"content":{"rendered":"<figure id=\"attachment_63\" aria-describedby=\"caption-attachment-63\" style=\"width: 300px\" class=\"wp-caption alignright\"><img decoding=\"async\" loading=\"lazy\" class=\"size-medium wp-image-63\" src=\"http:\/\/weltladen-pueblo.de\/wp-content\/uploads\/2017\/03\/Jungpflanze-300x136.jpg\" alt=\"Jungpflanze\" width=\"300\" height=\"136\" srcset=\"https:\/\/weltladen-pueblo.de\/wp-content\/uploads\/2017\/03\/Jungpflanze-300x136.jpg 300w, https:\/\/weltladen-pueblo.de\/wp-content\/uploads\/2017\/03\/Jungpflanze.jpg 600w\" sizes=\"(max-width: 300px) 100vw, 300px\" \/><figcaption id=\"caption-attachment-63\" class=\"wp-caption-text\">Jungpflanze<\/figcaption><\/figure>\n<p>Die Produkte im Weltladen unterliegen strengen Qualit\u00e4tskontrollen und erf\u00fcllen immer \u00f6fter auch die Kriterien f\u00fcr biologischen Anbau.<\/p>\n<p>Unter Qualit\u00e4t verstehen die Weltl\u00e4den dar\u00fcber hinaus, da\u00df die angebotenen Produkte auch sozial verantwortlich und nachhaltig produziert werden.<\/p>\n<p>Gerade Kleinproduzenten sind im Welthandel besonders benachteiligt. Weltl\u00e4den bieten hier einen alternativen Absatzkanal.<\/p>\n<ul>\n<li>Weltl\u00e4den kaufen ihre Erzeugnisse zu hohen und garantierten Preisen und machen die Bauern damit unabh\u00e4ngig von stark schwankenden Weltmarktpreisen. So ist ein faires Einkommen garantiert!<\/li>\n<li>Direkte Handelskontakte, langfristige Zusammenarbeit und Vorauszahlungen sorgen zus\u00e4tzlich f\u00fcr wirtschaftliche Sicherheit.<\/li>\n<\/ul>\n<p>Handel auf Augenh\u00f6he mit den Produzenten Das nennen wir fairen Handel!<\/p>\n","protected":false},"excerpt":{"rendered":"<p>Die Produkte im Weltladen unterliegen strengen Qualit\u00e4tskontrollen und erf\u00fcllen immer \u00f6fter auch die Kriterien f\u00fcr biologischen Anbau. Unter Qualit\u00e4t verstehen die Weltl\u00e4den dar\u00fcber hinaus, da\u00df die angebotenen Produkte auch sozial verantwortlich und nachhaltig produziert werden. Gerade Kleinproduzenten sind im Welthandel besonders benachteiligt. Weltl\u00e4den bieten hier einen alternativen Absatzkanal. Weltl\u00e4den kaufen [&hellip;]<\/p>\n","protected":false},"author":1,"featured_media":0,"parent":68,"menu_order":0,"comment_status":"closed","ping_status":"closed","template":"","meta":[],"_links":{"self":[{"href":"https:\/\/weltladen-pueblo.de\/index.php?rest_route=\/wp\/v2\/pages\/70"}],"collection":[{"href":"https:\/\/weltladen-pueblo.de\/index.php?rest_route=\/wp\/v2\/pages"}],"about":[{"href":"https:\/\/weltladen-pueblo.de\/index.php?rest_route=\/wp\/v2\/types\/page"}],"author":[{"embeddable":true,"href":"https:\/\/weltladen-pueblo.de\/index.php?rest_route=\/wp\/v2\/users\/1"}],"replies":[{"embeddable":true,"href":"https:\/\/weltladen-pueblo.de\/index.php?rest_route=%2Fwp%2Fv2%2Fcomments&post=70"}],"version-history":[{"count":2,"href":"https:\/\/weltladen-pueblo.de\/index.php?rest_route=\/wp\/v2\/pages\/70\/revisions"}],"predecessor-version":[{"id":74,"href":"https:\/\/weltladen-pueblo.de\/index.php?rest_route=\/wp\/v2\/pages\/70\/revisions\/74"}],"up":[{"embeddable":true,"href":"https:\/\/weltladen-pueblo.de\/index.php?rest_route=\/wp\/v2\/pages\/68"}],"wp:attachment":[{"href":"https:\/\/weltladen-pueblo.de\/index.php?rest_route=%2Fwp%2Fv2%2Fmedia&parent=70"}],"curies":[{"name":"wp","href":"https:\/\/api.w.org\/{rel}","templated":true}]}}